{"id":2802,"date":"2025-03-25T18:43:54","date_gmt":"2025-03-25T18:43:54","guid":{"rendered":"https:\/\/contigoimmigration.com\/blog\/"},"modified":"2025-03-25T18:47:13","modified_gmt":"2025-03-25T18:47:13","slug":"blog","status":"publish","type":"page","link":"https:\/\/contigoimmigration.com\/es\/blog\/","title":{"rendered":"Blog"},"content":{"rendered":"\t\t<div data-elementor-type=\"wp-page\" data-elementor-id=\"2802\" class=\"elementor elementor-2802 elementor-2687\" data-elementor-post-type=\"page\">\n\t\t\t\t<div class=\"elementor-element elementor-element-0393da9 e-con-full e-flex e-con e-parent\" data-id=\"0393da9\" data-element_type=\"container\" data-e-type=\"container\">\n\t\t<div class=\"elementor-element elementor-element-8dd384d e-flex e-con-boxed e-con e-child\" data-id=\"8dd384d\" data-element_type=\"container\" data-e-type=\"container\" data-settings=\"{&quot;background_background&quot;:&quot;classic&quot;}\">\n\t\t\t\t\t<div class=\"e-con-inner\">\n\t\t<div class=\"elementor-element elementor-element-854a661 e-con-full e-flex e-con e-child\" data-id=\"854a661\" data-element_type=\"container\" data-e-type=\"container\">\n\t\t\t\t<div class=\"elementor-element elementor-element-c255f19 elementor-widget__width-initial elementor-widget elementor-widget-heading\" data-id=\"c255f19\" data-element_type=\"widget\" data-e-type=\"widget\" data-widget_type=\"heading.default\">\n\t\t\t\t<div class=\"elementor-widget-container\">\n\t\t\t\t\t<h1 class=\"elementor-heading-title elementor-size-xl\">Blog<\/h1>\t\t\t\t<\/div>\n\t\t\t\t<\/div>\n\t\t\t\t<div class=\"elementor-element elementor-element-e83fad5 elementor-widget__width-initial elementor-widget elementor-widget-text-editor\" data-id=\"e83fad5\" data-element_type=\"widget\" data-e-type=\"widget\" data-widget_type=\"text-editor.default\">\n\t\t\t\t<div class=\"elementor-widget-container\">\n\t\t\t\t\t\t\t\t\t<p>En nuestro blog encontrar\u00e1 informaci\u00f3n clave y consejos \u00fatiles para que su viaje de inmigraci\u00f3n a Canad\u00e1 sea un \u00e9xito.<\/p>\t\t\t\t\t\t\t\t<\/div>\n\t\t\t\t<\/div>\n\t\t\t\t<\/div>\n\t\t\t\t\t<\/div>\n\t\t\t\t<\/div>\n\t\t\t\t<\/div>\n\t\t<div class=\"elementor-element elementor-element-bb565a4 e-flex e-con-boxed e-con e-parent\" data-id=\"bb565a4\" data-element_type=\"container\" data-e-type=\"container\">\n\t\t\t\t\t<div class=\"e-con-inner\">\n\t\t\t\t<div class=\"elementor-element elementor-element-cc50efb elementor-widget elementor-widget-heading\" data-id=\"cc50efb\" data-element_type=\"widget\" data-e-type=\"widget\" data-widget_type=\"heading.default\">\n\t\t\t\t<div class=\"elementor-widget-container\">\n\t\t\t\t\t<h2 class=\"elementor-heading-title elementor-size-default\">\u00daltimos art\u00edculos<\/h2>\t\t\t\t<\/div>\n\t\t\t\t<\/div>\n\t\t\t\t<div class=\"elementor-element elementor-element-d901217 elementor-grid-3 elementor-grid-tablet-2 elementor-grid-mobile-1 elementor-widget elementor-widget-loop-grid\" data-id=\"d901217\" data-element_type=\"widget\" data-e-type=\"widget\" data-settings=\"{&quot;template_id&quot;:2823,&quot;pagination_type&quot;:&quot;numbers&quot;,&quot;_skin&quot;:&quot;post&quot;,&quot;columns&quot;:&quot;3&quot;,&quot;columns_tablet&quot;:&quot;2&quot;,&quot;columns_mobile&quot;:&quot;1&quot;,&quot;edit_handle_selector&quot;:&quot;[data-elementor-type=\\&quot;loop-item\\&quot;]&quot;,&quot;pagination_load_type&quot;:&quot;page_reload&quot;,&quot;row_gap&quot;:{&quot;unit&quot;:&quot;px&quot;,&quot;size&quot;:&quot;&quot;,&quot;sizes&quot;:[]},&quot;row_gap_tablet&quot;:{&quot;unit&quot;:&quot;px&quot;,&quot;size&quot;:&quot;&quot;,&quot;sizes&quot;:[]},&quot;row_gap_mobile&quot;:{&quot;unit&quot;:&quot;px&quot;,&quot;size&quot;:&quot;&quot;,&quot;sizes&quot;:[]}}\" data-widget_type=\"loop-grid.post\">\n\t\t\t\t<div class=\"elementor-widget-container\">\n\t\t\t\t\t\t\t<div class=\"elementor-loop-container elementor-grid\" role=\"list\">\n\t\t<style id=\"loop-2823\">.elementor-2823 .elementor-element.elementor-element-369eaec{--display:flex;--flex-direction:column;--container-widget-width:100%;--container-widget-height:initial;--container-widget-flex-grow:0;--container-widget-align-self:initial;--flex-wrap-mobile:wrap;--gap:0px 0px;--row-gap:0px;--column-gap:0px;border-style:solid;--border-style:solid;border-width:1px 1px 1px 1px;--border-top-width:1px;--border-right-width:1px;--border-bottom-width:1px;--border-left-width:1px;border-color:#E1E4ED;--border-color:#E1E4ED;--border-radius:8px 8px 8px 8px;box-shadow:0px 1px 4px 0px rgba(25.000000000000004, 33, 61, 0.08);--padding-top:0px;--padding-bottom:0px;--padding-left:0px;--padding-right:0px;}.elementor-2823 .elementor-element.elementor-element-369eaec:not(.elementor-motion-effects-element-type-background), .elementor-2823 .elementor-element.elementor-element-369eaec > .elementor-motion-effects-container > .elementor-motion-effects-layer{background-color:#FFFFFF;}.elementor-2823 .elementor-element.elementor-element-eef04a7{--display:flex;--padding-top:24px;--padding-bottom:24px;--padding-left:24px;--padding-right:24px;}.elementor-2823 .elementor-element.elementor-element-91d58fe .elementor-icon-list-icon{width:14px;}.elementor-2823 .elementor-element.elementor-element-91d58fe .elementor-icon-list-icon i{font-size:14px;}.elementor-2823 .elementor-element.elementor-element-91d58fe .elementor-icon-list-icon svg{--e-icon-list-icon-size:14px;}.elementor-2823 .elementor-element.elementor-element-91d58fe .elementor-icon-list-text, .elementor-2823 .elementor-element.elementor-element-91d58fe .elementor-icon-list-text a{color:#6D758F;}.elementor-2823 .elementor-element.elementor-element-91d58fe .elementor-icon-list-item{font-family:\"Inter\", Sans-serif;font-size:14px;font-weight:400;}.elementor-2823 .elementor-element.elementor-element-7cb56af .elementor-heading-title{font-family:\"Montserrat\", Sans-serif;font-size:20px;font-weight:400;color:#6D758F;}.elementor-2823 .elementor-element.elementor-element-d760bd7 .elementor-button-content-wrapper{flex-direction:row-reverse;}.elementor-2823 .elementor-element.elementor-element-d760bd7 .elementor-button{font-family:\"Montserrat\", Sans-serif;font-size:16px;font-weight:500;background-color:#02010100;padding:0px 0px 0px 0px;}<\/style>\t\t<div data-elementor-type=\"loop-item\" data-elementor-id=\"2823\" class=\"elementor elementor-2823 elementor-2711 elementor-2711 e-loop-item e-loop-item-2778 post-2778 post type-post status-publish format-standard has-post-thumbnail hentry category-sin-categorizar\" data-elementor-post-type=\"elementor_library\" data-custom-edit-handle=\"1\">\n\t\t\t<div class=\"elementor-element elementor-element-369eaec e-flex e-con-boxed e-con e-parent\" data-id=\"369eaec\" data-element_type=\"container\" data-e-type=\"container\" data-settings=\"{&quot;background_background&quot;:&quot;classic&quot;}\">\n\t\t\t\t\t<div class=\"e-con-inner\">\n\t\t\t\t<div class=\"elementor-element elementor-element-3f72afc elementor-widget elementor-widget-theme-post-featured-image elementor-widget-image\" data-id=\"3f72afc\" data-element_type=\"widget\" data-e-type=\"widget\" data-widget_type=\"theme-post-featured-image.default\">\n\t\t\t\t<div class=\"elementor-widget-container\">\n\t\t\t\t\t\t\t\t\t\t\t\t\t\t\t<img fetchpriority=\"high\" decoding=\"async\" width=\"1030\" height=\"734\" src=\"https:\/\/contigoimmigration.com\/wp-content\/uploads\/2025\/03\/complete-guide-1030x734.webp\" class=\"attachment-large size-large wp-image-3186\" alt=\"family\" srcset=\"https:\/\/contigoimmigration.com\/wp-content\/uploads\/2025\/03\/complete-guide-1030x734.webp 1030w, https:\/\/contigoimmigration.com\/wp-content\/uploads\/2025\/03\/complete-guide-300x214.webp 300w, https:\/\/contigoimmigration.com\/wp-content\/uploads\/2025\/03\/complete-guide-768x547.webp 768w, https:\/\/contigoimmigration.com\/wp-content\/uploads\/2025\/03\/complete-guide.webp 1404w\" sizes=\"(max-width: 1030px) 100vw, 1030px\" \/>\t\t\t\t\t\t\t\t\t\t\t\t\t\t\t<\/div>\n\t\t\t\t<\/div>\n\t\t<div class=\"elementor-element elementor-element-eef04a7 e-con-full e-flex e-con e-child\" data-id=\"eef04a7\" data-element_type=\"container\" data-e-type=\"container\">\n\t\t\t\t<div class=\"elementor-element elementor-element-91d58fe elementor-widget elementor-widget-post-info\" data-id=\"91d58fe\" data-element_type=\"widget\" data-e-type=\"widget\" data-widget_type=\"post-info.default\">\n\t\t\t\t<div class=\"elementor-widget-container\">\n\t\t\t\t\t\t\t<ul class=\"elementor-inline-items elementor-icon-list-items elementor-post-info\">\n\t\t\t\t\t\t\t\t<li class=\"elementor-icon-list-item elementor-repeater-item-7f0b9f1 elementor-inline-item\" itemprop=\"datePublished\">\n\t\t\t\t\t\t<a href=\"https:\/\/contigoimmigration.com\/es\/2025\/03\/17\/\">\n\t\t\t\t\t\t\t\t\t\t\t\t\t\t<span class=\"elementor-icon-list-text elementor-post-info__item elementor-post-info__item--type-date\">\n\t\t\t\t\t\t\t\t\t\t<time>marzo 17, 2025<\/time>\t\t\t\t\t<\/span>\n\t\t\t\t\t\t\t\t\t<\/a>\n\t\t\t\t<\/li>\n\t\t\t\t<\/ul>\n\t\t\t\t\t\t<\/div>\n\t\t\t\t<\/div>\n\t\t\t\t<div class=\"elementor-element elementor-element-7cb56af elementor-widget elementor-widget-theme-post-title elementor-page-title elementor-widget-heading\" data-id=\"7cb56af\" data-element_type=\"widget\" data-e-type=\"widget\" data-widget_type=\"theme-post-title.default\">\n\t\t\t\t<div class=\"elementor-widget-container\">\n\t\t\t\t\t<h1 class=\"elementor-heading-title elementor-size-default\">Gu\u00eda completa para emigrar a Canad\u00e1 con \u00e9xito en 2025<\/h1>\t\t\t\t<\/div>\n\t\t\t\t<\/div>\n\t\t\t\t<div class=\"elementor-element elementor-element-d760bd7 link-blog elementor-widget elementor-widget-button\" data-id=\"d760bd7\" data-element_type=\"widget\" data-e-type=\"widget\" data-widget_type=\"button.default\">\n\t\t\t\t<div class=\"elementor-widget-container\">\n\t\t\t\t\t\t\t\t\t<div class=\"elementor-button-wrapper\">\n\t\t\t\t\t<a class=\"elementor-button elementor-button-link elementor-size-sm\" href=\"https:\/\/contigoimmigration.com\/es\/guia-completa-para-emigrar-a-canada-con-exito-en-2025\/\">\n\t\t\t\t\t\t<span class=\"elementor-button-content-wrapper\">\n\t\t\t\t\t\t<span class=\"elementor-button-icon\">\n\t\t\t\t<svg xmlns=\"http:\/\/www.w3.org\/2000\/svg\" width=\"8\" height=\"16\" viewBox=\"0 0 8 16\" fill=\"none\"><g id=\"Arrow\"><path id=\"Vector\" d=\"M1.63466 4.38666L2.34199 3.67999L6.19466 7.53133C6.25676 7.59304 6.30605 7.66642 6.33968 7.74726C6.37331 7.82809 6.39063 7.91478 6.39063 8.00233C6.39063 8.08988 6.37331 8.17656 6.33968 8.2574C6.30605 8.33823 6.25676 8.41161 6.19466 8.47333L2.34199 12.3267L1.63532 11.62L5.25132 8.00333L1.63466 4.38666Z\" fill=\"#C45454\"><\/path><\/g><\/svg>\t\t\t<\/span>\n\t\t\t\t\t\t\t\t\t<span class=\"elementor-button-text\">M\u00c1S INFORMACI\u00d3N<\/span>\n\t\t\t\t\t<\/span>\n\t\t\t\t\t<\/a>\n\t\t\t\t<\/div>\n\t\t\t\t\t\t\t\t<\/div>\n\t\t\t\t<\/div>\n\t\t\t\t<\/div>\n\t\t\t\t\t<\/div>\n\t\t\t\t<\/div>\n\t\t\t\t<\/div>\n\t\t\t\t<div data-elementor-type=\"loop-item\" data-elementor-id=\"2823\" class=\"elementor elementor-2823 elementor-2711 elementor-2711 e-loop-item e-loop-item-2774 post-2774 post type-post status-publish format-standard has-post-thumbnail hentry category-sin-categorizar\" data-elementor-post-type=\"elementor_library\" data-custom-edit-handle=\"1\">\n\t\t\t<div class=\"elementor-element elementor-element-369eaec e-flex e-con-boxed e-con e-parent\" data-id=\"369eaec\" data-element_type=\"container\" data-e-type=\"container\" data-settings=\"{&quot;background_background&quot;:&quot;classic&quot;}\">\n\t\t\t\t\t<div class=\"e-con-inner\">\n\t\t\t\t<div class=\"elementor-element elementor-element-3f72afc elementor-widget elementor-widget-theme-post-featured-image elementor-widget-image\" data-id=\"3f72afc\" data-element_type=\"widget\" data-e-type=\"widget\" data-widget_type=\"theme-post-featured-image.default\">\n\t\t\t\t<div class=\"elementor-widget-container\">\n\t\t\t\t\t\t\t\t\t\t\t\t\t\t\t<img decoding=\"async\" width=\"1030\" height=\"734\" src=\"https:\/\/contigoimmigration.com\/wp-content\/uploads\/2025\/03\/why-hiring-an-imigran-1030x734.webp\" class=\"attachment-large size-large wp-image-3196\" alt=\"father and daughter\" srcset=\"https:\/\/contigoimmigration.com\/wp-content\/uploads\/2025\/03\/why-hiring-an-imigran-1030x734.webp 1030w, https:\/\/contigoimmigration.com\/wp-content\/uploads\/2025\/03\/why-hiring-an-imigran-300x214.webp 300w, https:\/\/contigoimmigration.com\/wp-content\/uploads\/2025\/03\/why-hiring-an-imigran-768x548.webp 768w, https:\/\/contigoimmigration.com\/wp-content\/uploads\/2025\/03\/why-hiring-an-imigran.webp 1404w\" sizes=\"(max-width: 1030px) 100vw, 1030px\" \/>\t\t\t\t\t\t\t\t\t\t\t\t\t\t\t<\/div>\n\t\t\t\t<\/div>\n\t\t<div class=\"elementor-element elementor-element-eef04a7 e-con-full e-flex e-con e-child\" data-id=\"eef04a7\" data-element_type=\"container\" data-e-type=\"container\">\n\t\t\t\t<div class=\"elementor-element elementor-element-91d58fe elementor-widget elementor-widget-post-info\" data-id=\"91d58fe\" data-element_type=\"widget\" data-e-type=\"widget\" data-widget_type=\"post-info.default\">\n\t\t\t\t<div class=\"elementor-widget-container\">\n\t\t\t\t\t\t\t<ul class=\"elementor-inline-items elementor-icon-list-items elementor-post-info\">\n\t\t\t\t\t\t\t\t<li class=\"elementor-icon-list-item elementor-repeater-item-7f0b9f1 elementor-inline-item\" itemprop=\"datePublished\">\n\t\t\t\t\t\t<a href=\"https:\/\/contigoimmigration.com\/es\/2025\/03\/17\/\">\n\t\t\t\t\t\t\t\t\t\t\t\t\t\t<span class=\"elementor-icon-list-text elementor-post-info__item elementor-post-info__item--type-date\">\n\t\t\t\t\t\t\t\t\t\t<time>marzo 17, 2025<\/time>\t\t\t\t\t<\/span>\n\t\t\t\t\t\t\t\t\t<\/a>\n\t\t\t\t<\/li>\n\t\t\t\t<\/ul>\n\t\t\t\t\t\t<\/div>\n\t\t\t\t<\/div>\n\t\t\t\t<div class=\"elementor-element elementor-element-7cb56af elementor-widget elementor-widget-theme-post-title elementor-page-title elementor-widget-heading\" data-id=\"7cb56af\" data-element_type=\"widget\" data-e-type=\"widget\" data-widget_type=\"theme-post-title.default\">\n\t\t\t\t<div class=\"elementor-widget-container\">\n\t\t\t\t\t<h1 class=\"elementor-heading-title elementor-size-default\">Por qu\u00e9 contratar una consultora en inmigraci\u00f3n en Canad\u00e1 es esencial<\/h1>\t\t\t\t<\/div>\n\t\t\t\t<\/div>\n\t\t\t\t<div class=\"elementor-element elementor-element-d760bd7 link-blog elementor-widget elementor-widget-button\" data-id=\"d760bd7\" data-element_type=\"widget\" data-e-type=\"widget\" data-widget_type=\"button.default\">\n\t\t\t\t<div class=\"elementor-widget-container\">\n\t\t\t\t\t\t\t\t\t<div class=\"elementor-button-wrapper\">\n\t\t\t\t\t<a class=\"elementor-button elementor-button-link elementor-size-sm\" href=\"https:\/\/contigoimmigration.com\/es\/por-que-contratar-una-consultora-en-inmigracion-en-canada-es-esencial\/\">\n\t\t\t\t\t\t<span class=\"elementor-button-content-wrapper\">\n\t\t\t\t\t\t<span class=\"elementor-button-icon\">\n\t\t\t\t<svg xmlns=\"http:\/\/www.w3.org\/2000\/svg\" width=\"8\" height=\"16\" viewBox=\"0 0 8 16\" fill=\"none\"><g id=\"Arrow\"><path id=\"Vector\" d=\"M1.63466 4.38666L2.34199 3.67999L6.19466 7.53133C6.25676 7.59304 6.30605 7.66642 6.33968 7.74726C6.37331 7.82809 6.39063 7.91478 6.39063 8.00233C6.39063 8.08988 6.37331 8.17656 6.33968 8.2574C6.30605 8.33823 6.25676 8.41161 6.19466 8.47333L2.34199 12.3267L1.63532 11.62L5.25132 8.00333L1.63466 4.38666Z\" fill=\"#C45454\"><\/path><\/g><\/svg>\t\t\t<\/span>\n\t\t\t\t\t\t\t\t\t<span class=\"elementor-button-text\">M\u00c1S INFORMACI\u00d3N<\/span>\n\t\t\t\t\t<\/span>\n\t\t\t\t\t<\/a>\n\t\t\t\t<\/div>\n\t\t\t\t\t\t\t\t<\/div>\n\t\t\t\t<\/div>\n\t\t\t\t<\/div>\n\t\t\t\t\t<\/div>\n\t\t\t\t<\/div>\n\t\t\t\t<\/div>\n\t\t\t\t<div data-elementor-type=\"loop-item\" data-elementor-id=\"2823\" class=\"elementor elementor-2823 elementor-2711 elementor-2711 e-loop-item e-loop-item-2771 post-2771 post type-post status-publish format-standard has-post-thumbnail hentry category-sin-categorizar\" data-elementor-post-type=\"elementor_library\" data-custom-edit-handle=\"1\">\n\t\t\t<div class=\"elementor-element elementor-element-369eaec e-flex e-con-boxed e-con e-parent\" data-id=\"369eaec\" data-element_type=\"container\" data-e-type=\"container\" data-settings=\"{&quot;background_background&quot;:&quot;classic&quot;}\">\n\t\t\t\t\t<div class=\"e-con-inner\">\n\t\t\t\t<div class=\"elementor-element elementor-element-3f72afc elementor-widget elementor-widget-theme-post-featured-image elementor-widget-image\" data-id=\"3f72afc\" data-element_type=\"widget\" data-e-type=\"widget\" data-widget_type=\"theme-post-featured-image.default\">\n\t\t\t\t<div class=\"elementor-widget-container\">\n\t\t\t\t\t\t\t\t\t\t\t\t\t\t\t<img decoding=\"async\" width=\"1030\" height=\"734\" src=\"https:\/\/contigoimmigration.com\/wp-content\/uploads\/2025\/03\/how-to-verify-if-you-1030x734.webp\" class=\"attachment-large size-large wp-image-3192\" alt=\"two men\" srcset=\"https:\/\/contigoimmigration.com\/wp-content\/uploads\/2025\/03\/how-to-verify-if-you-1030x734.webp 1030w, https:\/\/contigoimmigration.com\/wp-content\/uploads\/2025\/03\/how-to-verify-if-you-300x214.webp 300w, https:\/\/contigoimmigration.com\/wp-content\/uploads\/2025\/03\/how-to-verify-if-you-768x547.webp 768w, https:\/\/contigoimmigration.com\/wp-content\/uploads\/2025\/03\/how-to-verify-if-you.webp 1404w\" sizes=\"(max-width: 1030px) 100vw, 1030px\" \/>\t\t\t\t\t\t\t\t\t\t\t\t\t\t\t<\/div>\n\t\t\t\t<\/div>\n\t\t<div class=\"elementor-element elementor-element-eef04a7 e-con-full e-flex e-con e-child\" data-id=\"eef04a7\" data-element_type=\"container\" data-e-type=\"container\">\n\t\t\t\t<div class=\"elementor-element elementor-element-91d58fe elementor-widget elementor-widget-post-info\" data-id=\"91d58fe\" data-element_type=\"widget\" data-e-type=\"widget\" data-widget_type=\"post-info.default\">\n\t\t\t\t<div class=\"elementor-widget-container\">\n\t\t\t\t\t\t\t<ul class=\"elementor-inline-items elementor-icon-list-items elementor-post-info\">\n\t\t\t\t\t\t\t\t<li class=\"elementor-icon-list-item elementor-repeater-item-7f0b9f1 elementor-inline-item\" itemprop=\"datePublished\">\n\t\t\t\t\t\t<a href=\"https:\/\/contigoimmigration.com\/es\/2025\/03\/17\/\">\n\t\t\t\t\t\t\t\t\t\t\t\t\t\t<span class=\"elementor-icon-list-text elementor-post-info__item elementor-post-info__item--type-date\">\n\t\t\t\t\t\t\t\t\t\t<time>marzo 17, 2025<\/time>\t\t\t\t\t<\/span>\n\t\t\t\t\t\t\t\t\t<\/a>\n\t\t\t\t<\/li>\n\t\t\t\t<\/ul>\n\t\t\t\t\t\t<\/div>\n\t\t\t\t<\/div>\n\t\t\t\t<div class=\"elementor-element elementor-element-7cb56af elementor-widget elementor-widget-theme-post-title elementor-page-title elementor-widget-heading\" data-id=\"7cb56af\" data-element_type=\"widget\" data-e-type=\"widget\" data-widget_type=\"theme-post-title.default\">\n\t\t\t\t<div class=\"elementor-widget-container\">\n\t\t\t\t\t<h1 class=\"elementor-heading-title elementor-size-default\">C\u00f3mo saber si una consultora en inmigraci\u00f3n en Canad\u00e1 es leg\u00edtima<\/h1>\t\t\t\t<\/div>\n\t\t\t\t<\/div>\n\t\t\t\t<div class=\"elementor-element elementor-element-d760bd7 link-blog elementor-widget elementor-widget-button\" data-id=\"d760bd7\" data-element_type=\"widget\" data-e-type=\"widget\" data-widget_type=\"button.default\">\n\t\t\t\t<div class=\"elementor-widget-container\">\n\t\t\t\t\t\t\t\t\t<div class=\"elementor-button-wrapper\">\n\t\t\t\t\t<a class=\"elementor-button elementor-button-link elementor-size-sm\" href=\"https:\/\/contigoimmigration.com\/es\/como-saber-si-una-consultora-en-inmigracion-en-canada-es-legitima\/\">\n\t\t\t\t\t\t<span class=\"elementor-button-content-wrapper\">\n\t\t\t\t\t\t<span class=\"elementor-button-icon\">\n\t\t\t\t<svg xmlns=\"http:\/\/www.w3.org\/2000\/svg\" width=\"8\" height=\"16\" viewBox=\"0 0 8 16\" fill=\"none\"><g id=\"Arrow\"><path id=\"Vector\" d=\"M1.63466 4.38666L2.34199 3.67999L6.19466 7.53133C6.25676 7.59304 6.30605 7.66642 6.33968 7.74726C6.37331 7.82809 6.39063 7.91478 6.39063 8.00233C6.39063 8.08988 6.37331 8.17656 6.33968 8.2574C6.30605 8.33823 6.25676 8.41161 6.19466 8.47333L2.34199 12.3267L1.63532 11.62L5.25132 8.00333L1.63466 4.38666Z\" fill=\"#C45454\"><\/path><\/g><\/svg>\t\t\t<\/span>\n\t\t\t\t\t\t\t\t\t<span class=\"elementor-button-text\">M\u00c1S INFORMACI\u00d3N<\/span>\n\t\t\t\t\t<\/span>\n\t\t\t\t\t<\/a>\n\t\t\t\t<\/div>\n\t\t\t\t\t\t\t\t<\/div>\n\t\t\t\t<\/div>\n\t\t\t\t<\/div>\n\t\t\t\t\t<\/div>\n\t\t\t\t<\/div>\n\t\t\t\t<\/div>\n\t\t\t\t<div data-elementor-type=\"loop-item\" data-elementor-id=\"2823\" class=\"elementor elementor-2823 elementor-2711 elementor-2711 e-loop-item e-loop-item-2718 post-2718 post type-post status-publish format-standard has-post-thumbnail hentry category-sin-categorizar\" data-elementor-post-type=\"elementor_library\" data-custom-edit-handle=\"1\">\n\t\t\t<div class=\"elementor-element elementor-element-369eaec e-flex e-con-boxed e-con e-parent\" data-id=\"369eaec\" data-element_type=\"container\" data-e-type=\"container\" data-settings=\"{&quot;background_background&quot;:&quot;classic&quot;}\">\n\t\t\t\t\t<div class=\"e-con-inner\">\n\t\t\t\t<div class=\"elementor-element elementor-element-3f72afc elementor-widget elementor-widget-theme-post-featured-image elementor-widget-image\" data-id=\"3f72afc\" data-element_type=\"widget\" data-e-type=\"widget\" data-widget_type=\"theme-post-featured-image.default\">\n\t\t\t\t<div class=\"elementor-widget-container\">\n\t\t\t\t\t\t\t\t\t\t\t\t\t\t\t<img loading=\"lazy\" decoding=\"async\" width=\"1030\" height=\"733\" src=\"https:\/\/contigoimmigration.com\/wp-content\/uploads\/2025\/03\/why-its-importnat-1030x733.webp\" class=\"attachment-large size-large wp-image-3205\" alt=\"two women\" srcset=\"https:\/\/contigoimmigration.com\/wp-content\/uploads\/2025\/03\/why-its-importnat-1030x733.webp 1030w, https:\/\/contigoimmigration.com\/wp-content\/uploads\/2025\/03\/why-its-importnat-300x214.webp 300w, https:\/\/contigoimmigration.com\/wp-content\/uploads\/2025\/03\/why-its-importnat-768x547.webp 768w, https:\/\/contigoimmigration.com\/wp-content\/uploads\/2025\/03\/why-its-importnat.webp 1500w\" sizes=\"(max-width: 1030px) 100vw, 1030px\" \/>\t\t\t\t\t\t\t\t\t\t\t\t\t\t\t<\/div>\n\t\t\t\t<\/div>\n\t\t<div class=\"elementor-element elementor-element-eef04a7 e-con-full e-flex e-con e-child\" data-id=\"eef04a7\" data-element_type=\"container\" data-e-type=\"container\">\n\t\t\t\t<div class=\"elementor-element elementor-element-91d58fe elementor-widget elementor-widget-post-info\" data-id=\"91d58fe\" data-element_type=\"widget\" data-e-type=\"widget\" data-widget_type=\"post-info.default\">\n\t\t\t\t<div class=\"elementor-widget-container\">\n\t\t\t\t\t\t\t<ul class=\"elementor-inline-items elementor-icon-list-items elementor-post-info\">\n\t\t\t\t\t\t\t\t<li class=\"elementor-icon-list-item elementor-repeater-item-7f0b9f1 elementor-inline-item\" itemprop=\"datePublished\">\n\t\t\t\t\t\t<a href=\"https:\/\/contigoimmigration.com\/es\/2025\/03\/12\/\">\n\t\t\t\t\t\t\t\t\t\t\t\t\t\t<span class=\"elementor-icon-list-text elementor-post-info__item elementor-post-info__item--type-date\">\n\t\t\t\t\t\t\t\t\t\t<time>marzo 12, 2025<\/time>\t\t\t\t\t<\/span>\n\t\t\t\t\t\t\t\t\t<\/a>\n\t\t\t\t<\/li>\n\t\t\t\t<\/ul>\n\t\t\t\t\t\t<\/div>\n\t\t\t\t<\/div>\n\t\t\t\t<div class=\"elementor-element elementor-element-7cb56af elementor-widget elementor-widget-theme-post-title elementor-page-title elementor-widget-heading\" data-id=\"7cb56af\" data-element_type=\"widget\" data-e-type=\"widget\" data-widget_type=\"theme-post-title.default\">\n\t\t\t\t<div class=\"elementor-widget-container\">\n\t\t\t\t\t<h1 class=\"elementor-heading-title elementor-size-default\">Ventajas de contratar una consultora en inmigraci\u00f3n en Canad\u00e1<\/h1>\t\t\t\t<\/div>\n\t\t\t\t<\/div>\n\t\t\t\t<div class=\"elementor-element elementor-element-d760bd7 link-blog elementor-widget elementor-widget-button\" data-id=\"d760bd7\" data-element_type=\"widget\" data-e-type=\"widget\" data-widget_type=\"button.default\">\n\t\t\t\t<div class=\"elementor-widget-container\">\n\t\t\t\t\t\t\t\t\t<div class=\"elementor-button-wrapper\">\n\t\t\t\t\t<a class=\"elementor-button elementor-button-link elementor-size-sm\" href=\"https:\/\/contigoimmigration.com\/es\/test\/\">\n\t\t\t\t\t\t<span class=\"elementor-button-content-wrapper\">\n\t\t\t\t\t\t<span class=\"elementor-button-icon\">\n\t\t\t\t<svg xmlns=\"http:\/\/www.w3.org\/2000\/svg\" width=\"8\" height=\"16\" viewBox=\"0 0 8 16\" fill=\"none\"><g id=\"Arrow\"><path id=\"Vector\" d=\"M1.63466 4.38666L2.34199 3.67999L6.19466 7.53133C6.25676 7.59304 6.30605 7.66642 6.33968 7.74726C6.37331 7.82809 6.39063 7.91478 6.39063 8.00233C6.39063 8.08988 6.37331 8.17656 6.33968 8.2574C6.30605 8.33823 6.25676 8.41161 6.19466 8.47333L2.34199 12.3267L1.63532 11.62L5.25132 8.00333L1.63466 4.38666Z\" fill=\"#C45454\"><\/path><\/g><\/svg>\t\t\t<\/span>\n\t\t\t\t\t\t\t\t\t<span class=\"elementor-button-text\">M\u00c1S INFORMACI\u00d3N<\/span>\n\t\t\t\t\t<\/span>\n\t\t\t\t\t<\/a>\n\t\t\t\t<\/div>\n\t\t\t\t\t\t\t\t<\/div>\n\t\t\t\t<\/div>\n\t\t\t\t<\/div>\n\t\t\t\t\t<\/div>\n\t\t\t\t<\/div>\n\t\t\t\t<\/div>\n\t\t\t\t<\/div>\n\t\t\n\t\t\t\t\t\t<\/div>\n\t\t\t\t<\/div>\n\t\t\t\t\t<\/div>\n\t\t\t\t<\/div>\n\t\t\t\t<\/div>\n\t\t","protected":false},"excerpt":{"rendered":"<p>Blog En nuestro blog encontrar\u00e1 informaci\u00f3n clave y consejos \u00fatiles para que su viaje de inmigraci\u00f3n a Canad\u00e1 sea un \u00e9xito. \u00daltimos art\u00edculos<\/p>\n","protected":false},"author":1,"featured_media":0,"parent":0,"menu_order":0,"comment_status":"closed","ping_status":"closed","template":"elementor_header_footer","meta":{"_acf_changed":false,"_coblocks_attr":"","_coblocks_dimensions":"","_coblocks_responsive_height":"","_coblocks_accordion_ie_support":"","_monsterinsights_skip_tracking":false,"_monsterinsights_sitenote_active":false,"_monsterinsights_sitenote_note":"","_monsterinsights_sitenote_category":0,"footnotes":""},"class_list":["post-2802","page","type-page","status-publish","hentry"],"acf":[],"_links":{"self":[{"href":"https:\/\/contigoimmigration.com\/es\/wp-json\/wp\/v2\/pages\/2802","targetHints":{"allow":["GET"]}}],"collection":[{"href":"https:\/\/contigoimmigration.com\/es\/wp-json\/wp\/v2\/pages"}],"about":[{"href":"https:\/\/contigoimmigration.com\/es\/wp-json\/wp\/v2\/types\/page"}],"author":[{"embeddable":true,"href":"https:\/\/contigoimmigration.com\/es\/wp-json\/wp\/v2\/users\/1"}],"replies":[{"embeddable":true,"href":"https:\/\/contigoimmigration.com\/es\/wp-json\/wp\/v2\/comments?post=2802"}],"version-history":[{"count":4,"href":"https:\/\/contigoimmigration.com\/es\/wp-json\/wp\/v2\/pages\/2802\/revisions"}],"predecessor-version":[{"id":2806,"href":"https:\/\/contigoimmigration.com\/es\/wp-json\/wp\/v2\/pages\/2802\/revisions\/2806"}],"wp:attachment":[{"href":"https:\/\/contigoimmigration.com\/es\/wp-json\/wp\/v2\/media?parent=2802"}],"curies":[{"name":"wp","href":"https:\/\/api.w.org\/{rel}","templated":true}]}}