{"id":2350,"date":"2024-12-04T21:15:35","date_gmt":"2024-12-04T21:15:35","guid":{"rendered":"https:\/\/contigoimmigration.com\/politique-de-confidentialite\/"},"modified":"2025-01-24T21:19:44","modified_gmt":"2025-01-24T21:19:44","slug":"politique-de-confidentialite","status":"publish","type":"page","link":"https:\/\/contigoimmigration.com\/fr\/politique-de-confidentialite\/","title":{"rendered":"Contigo Immigration | Politique de confidentialit\u00e9"},"content":{"rendered":"\t\t<div data-elementor-type=\"wp-page\" data-elementor-id=\"2350\" class=\"elementor elementor-2350 elementor-2333\" data-elementor-post-type=\"page\">\n\t\t\t\t<div class=\"elementor-element elementor-element-49dc94b e-con-full e-flex e-con e-parent\" data-id=\"49dc94b\" data-element_type=\"container\" data-e-type=\"container\">\n\t\t<div class=\"elementor-element elementor-element-f51986f e-flex e-con-boxed e-con e-child\" data-id=\"f51986f\" data-element_type=\"container\" data-e-type=\"container\" data-settings=\"{&quot;background_background&quot;:&quot;classic&quot;}\">\n\t\t\t\t\t<div class=\"e-con-inner\">\n\t\t<div class=\"elementor-element elementor-element-0be47d6 e-con-full e-flex e-con e-child\" data-id=\"0be47d6\" data-element_type=\"container\" data-e-type=\"container\">\n\t\t\t\t<div class=\"elementor-element elementor-element-57aadd5 elementor-widget__width-initial elementor-widget elementor-widget-heading\" data-id=\"57aadd5\" data-element_type=\"widget\" data-e-type=\"widget\" data-widget_type=\"heading.default\">\n\t\t\t\t<div class=\"elementor-widget-container\">\n\t\t\t\t\t<h1 class=\"elementor-heading-title elementor-size-xl\">Politique de Confidentialit\u00e9\n<\/h1>\t\t\t\t<\/div>\n\t\t\t\t<\/div>\n\t\t\t\t<div class=\"elementor-element elementor-element-22773ef elementor-widget__width-initial elementor-widget elementor-widget-text-editor\" data-id=\"22773ef\" data-element_type=\"widget\" data-e-type=\"widget\" data-widget_type=\"text-editor.default\">\n\t\t\t\t<div class=\"elementor-widget-container\">\n\t\t\t\t\t\t\t\t\t<p><span style=\"font-weight: 400;\">Derni\u00e8re mise \u00e0 jour : 4 d\u00e9cembre 2024<\/span><\/p>\t\t\t\t\t\t\t\t<\/div>\n\t\t\t\t<\/div>\n\t\t\t\t<\/div>\n\t\t\t\t\t<\/div>\n\t\t\t\t<\/div>\n\t\t<div class=\"elementor-element elementor-element-43e0ffd e-con-full e-flex e-con e-child\" data-id=\"43e0ffd\" data-element_type=\"container\" data-e-type=\"container\">\n\t\t<div class=\"elementor-element elementor-element-398ea5e e-con-full fix_section e-flex e-con e-child\" data-id=\"398ea5e\" data-element_type=\"container\" data-e-type=\"container\">\n\t\t\t\t<div class=\"elementor-element elementor-element-98e5599 elementor-widget elementor-widget-text-editor\" data-id=\"98e5599\" data-element_type=\"widget\" data-e-type=\"widget\" data-widget_type=\"text-editor.default\">\n\t\t\t\t<div class=\"elementor-widget-container\">\n\t\t\t\t\t\t\t\t\t<p><span style=\"font-weight: 400;\">Chez Contigo Immigration Inc., la protection de vos renseignements personnels est une priorit\u00e9 absolue. Cette Politique de Confidentialit\u00e9 d\u00e9crit comment nous collectons, utilisons, stockons et prot\u00e9geons vos donn\u00e9es lorsque vous interagissez avec notre site Web ou nos services.<\/span><\/p>\t\t\t\t\t\t\t\t<\/div>\n\t\t\t\t<\/div>\n\t\t<div class=\"elementor-element elementor-element-0aac7cc e-con-full e-flex e-con e-child\" data-id=\"0aac7cc\" data-element_type=\"container\" data-e-type=\"container\">\n\t\t\t\t<div class=\"elementor-element elementor-element-871fdbf elementor-widget__width-inherit elementor-widget elementor-widget-heading\" data-id=\"871fdbf\" data-element_type=\"widget\" data-e-type=\"widget\" data-widget_type=\"heading.default\">\n\t\t\t\t<div class=\"elementor-widget-container\">\n\t\t\t\t\t<h2 class=\"elementor-heading-title elementor-size-default\">1. Introduction\n<\/h2>\t\t\t\t<\/div>\n\t\t\t\t<\/div>\n\t\t\t\t<div class=\"elementor-element elementor-element-2b84905 elementor-widget elementor-widget-text-editor\" data-id=\"2b84905\" data-element_type=\"widget\" data-e-type=\"widget\" data-widget_type=\"text-editor.default\">\n\t\t\t\t<div class=\"elementor-widget-container\">\n\t\t\t\t\t\t\t\t\t<p><span style=\"font-weight: 400;\">Bienvenue sur le site Web de Contigo Immigration Inc. (\u00ab nous \u00bb, \u00ab notre \u00bb, \u00ab nos \u00bb). Nous nous engageons \u00e0 respecter votre vie priv\u00e9e et \u00e0 prot\u00e9ger vos renseignements personnels conform\u00e9ment aux lois canadiennes sur la protection de la vie priv\u00e9e, y compris la Loi sur la protection des renseignements personnels et les documents \u00e9lectroniques (LPRPDE).<\/span><\/p>\t\t\t\t\t\t\t\t<\/div>\n\t\t\t\t<\/div>\n\t\t\t\t<\/div>\n\t\t<div class=\"elementor-element elementor-element-74ca693 e-con-full e-flex e-con e-child\" data-id=\"74ca693\" data-element_type=\"container\" data-e-type=\"container\">\n\t\t\t\t<div class=\"elementor-element elementor-element-87832ef elementor-widget__width-inherit elementor-widget elementor-widget-heading\" data-id=\"87832ef\" data-element_type=\"widget\" data-e-type=\"widget\" data-widget_type=\"heading.default\">\n\t\t\t\t<div class=\"elementor-widget-container\">\n\t\t\t\t\t<h2 class=\"elementor-heading-title elementor-size-default\">2. Renseignements Collect\u00e9s<\/h2>\t\t\t\t<\/div>\n\t\t\t\t<\/div>\n\t\t\t\t<div class=\"elementor-element elementor-element-9039d31 elementor-widget__width-inherit elementor-widget elementor-widget-text-editor\" data-id=\"9039d31\" data-element_type=\"widget\" data-e-type=\"widget\" data-widget_type=\"text-editor.default\">\n\t\t\t\t<div class=\"elementor-widget-container\">\n\t\t\t\t\t\t\t\t\t<p><span style=\"font-weight: 400;\">Nous recueillons divers types de renseignements personnels, notamment :<\/span><\/p><ul><li>Informations d\u2019identification personnelle :<span style=\"font-weight: 400;\"> Nom, adresse courriel, num\u00e9ro de t\u00e9l\u00e9phone et adresse postale.<\/span><\/li><li style=\"font-weight: 400;\" aria-level=\"1\">Donn\u00e9es de paiement :<span style=\"font-weight: 400;\"> Informations n\u00e9cessaires au traitement des paiements pour nos produits ou services.<\/span><\/li><li style=\"font-weight: 400;\" aria-level=\"1\">Donn\u00e9es de navigation :<span style=\"font-weight: 400;\"> Donn\u00e9es collect\u00e9es automatiquement telles que l\u2019adresse IP, le type de navigateur et les pages visit\u00e9es.<\/span><\/li><li style=\"font-weight: 400;\" aria-level=\"1\">Donn\u00e9es d\u2019utilisation :<span style=\"font-weight: 400;\"> Informations sur la mani\u00e8re dont vous interagissez avec notre site Web, nos services et nos produits.<\/span><\/li><\/ul>\t\t\t\t\t\t\t\t<\/div>\n\t\t\t\t<\/div>\n\t\t\t\t<\/div>\n\t\t<div class=\"elementor-element elementor-element-fe5722f e-con-full e-flex e-con e-child\" data-id=\"fe5722f\" data-element_type=\"container\" data-e-type=\"container\">\n\t\t\t\t<div class=\"elementor-element elementor-element-7938181 elementor-widget__width-inherit elementor-widget elementor-widget-heading\" data-id=\"7938181\" data-element_type=\"widget\" data-e-type=\"widget\" data-widget_type=\"heading.default\">\n\t\t\t\t<div class=\"elementor-widget-container\">\n\t\t\t\t\t<h2 class=\"elementor-heading-title elementor-size-default\">3. Utilisation de Vos Renseignements\n<\/h2>\t\t\t\t<\/div>\n\t\t\t\t<\/div>\n\t\t\t\t<div class=\"elementor-element elementor-element-6bb139d elementor-widget__width-inherit elementor-widget elementor-widget-text-editor\" data-id=\"6bb139d\" data-element_type=\"widget\" data-e-type=\"widget\" data-widget_type=\"text-editor.default\">\n\t\t\t\t<div class=\"elementor-widget-container\">\n\t\t\t\t\t\t\t\t\t<p><span style=\"font-weight: 400;\">Vos renseignements personnels sont utilis\u00e9s \u00e0 des fins sp\u00e9cifiques, notamment :<\/span><\/p><ul><li style=\"font-weight: 400;\" aria-level=\"1\">Traitement des commandes :<span style=\"font-weight: 400;\"> Pour g\u00e9rer vos achats et transactions.<\/span><\/li><li style=\"font-weight: 400;\" aria-level=\"1\">Am\u00e9lioration des services :<span style=\"font-weight: 400;\"> Pour optimiser votre exp\u00e9rience sur notre site Web.<\/span><\/li><li style=\"font-weight: 400;\" aria-level=\"1\">Communication :<span style=\"font-weight: 400;\"> Pour vous envoyer des mises \u00e0 jour, des offres promotionnelles et des notifications importantes.<\/span><\/li><li style=\"font-weight: 400;\" aria-level=\"1\">Conformit\u00e9 l\u00e9gale :<span style=\"font-weight: 400;\"> Pour satisfaire aux exigences l\u00e9gales et r\u00e9glementaires.<\/span><\/li><\/ul>\t\t\t\t\t\t\t\t<\/div>\n\t\t\t\t<\/div>\n\t\t\t\t<\/div>\n\t\t<div class=\"elementor-element elementor-element-2270602 e-con-full e-flex e-con e-child\" data-id=\"2270602\" data-element_type=\"container\" data-e-type=\"container\">\n\t\t\t\t<div class=\"elementor-element elementor-element-ec2cd32 elementor-widget__width-inherit elementor-widget elementor-widget-heading\" data-id=\"ec2cd32\" data-element_type=\"widget\" data-e-type=\"widget\" data-widget_type=\"heading.default\">\n\t\t\t\t<div class=\"elementor-widget-container\">\n\t\t\t\t\t<h2 class=\"elementor-heading-title elementor-size-default\">4. Partage de Vos Renseignements<\/h2>\t\t\t\t<\/div>\n\t\t\t\t<\/div>\n\t\t\t\t<div class=\"elementor-element elementor-element-b97146e elementor-widget__width-inherit elementor-widget elementor-widget-text-editor\" data-id=\"b97146e\" data-element_type=\"widget\" data-e-type=\"widget\" data-widget_type=\"text-editor.default\">\n\t\t\t\t<div class=\"elementor-widget-container\">\n\t\t\t\t\t\t\t\t\t<p><span style=\"font-weight: 400;\">Nous ne vendons, ne louons ni ne partageons vos renseignements personnels \u00e0 des fins commerciales sans votre consentement pr\u00e9alable, sauf dans les cas suivants :<\/span><\/p><ul><li style=\"font-weight: 400;\" aria-level=\"1\">Fournisseurs de services :<span style=\"font-weight: 400;\"> Nous pouvons partager vos donn\u00e9es avec des tiers de confiance qui assistent dans des services tels que le traitement des paiements ou la livraison.<\/span><\/li><li style=\"font-weight: 400;\" aria-level=\"1\">Conformit\u00e9 l\u00e9gale :<span style=\"font-weight: 400;\"> Nous pouvons divulguer vos donn\u00e9es si la loi l\u2019exige ou pour prot\u00e9ger nos droits, notre s\u00e9curit\u00e9 ou celle d\u2019autrui.<\/span><\/li><\/ul>\t\t\t\t\t\t\t\t<\/div>\n\t\t\t\t<\/div>\n\t\t\t\t<\/div>\n\t\t<div class=\"elementor-element elementor-element-3cfbf2f e-con-full e-flex e-con e-child\" data-id=\"3cfbf2f\" data-element_type=\"container\" data-e-type=\"container\">\n\t\t\t\t<div class=\"elementor-element elementor-element-42231f0 elementor-widget__width-inherit elementor-widget elementor-widget-heading\" data-id=\"42231f0\" data-element_type=\"widget\" data-e-type=\"widget\" data-widget_type=\"heading.default\">\n\t\t\t\t<div class=\"elementor-widget-container\">\n\t\t\t\t\t<h2 class=\"elementor-heading-title elementor-size-default\">5. Protection de Vos Renseignements<\/h2>\t\t\t\t<\/div>\n\t\t\t\t<\/div>\n\t\t\t\t<div class=\"elementor-element elementor-element-09bc08e elementor-widget__width-inherit elementor-widget elementor-widget-text-editor\" data-id=\"09bc08e\" data-element_type=\"widget\" data-e-type=\"widget\" data-widget_type=\"text-editor.default\">\n\t\t\t\t<div class=\"elementor-widget-container\">\n\t\t\t\t\t\t\t\t\t<p><span style=\"font-weight: 400;\">Nous appliquons des mesures de s\u00e9curit\u00e9 appropri\u00e9es pour prot\u00e9ger vos renseignements personnels contre tout acc\u00e8s, utilisation ou divulgation non autoris\u00e9s. Cela inclut l\u2019utilisation de technologies de cryptage et d\u2019autres dispositifs techniques et physiques de protection.<\/span><\/p>\t\t\t\t\t\t\t\t<\/div>\n\t\t\t\t<\/div>\n\t\t\t\t<\/div>\n\t\t<div class=\"elementor-element elementor-element-b70cadc e-con-full e-flex e-con e-child\" data-id=\"b70cadc\" data-element_type=\"container\" data-e-type=\"container\">\n\t\t\t\t<div class=\"elementor-element elementor-element-d19dc67 elementor-widget__width-inherit elementor-widget elementor-widget-heading\" data-id=\"d19dc67\" data-element_type=\"widget\" data-e-type=\"widget\" data-widget_type=\"heading.default\">\n\t\t\t\t<div class=\"elementor-widget-container\">\n\t\t\t\t\t<h2 class=\"elementor-heading-title elementor-size-default\">6. Vos Droits\n<\/h2>\t\t\t\t<\/div>\n\t\t\t\t<\/div>\n\t\t\t\t<div class=\"elementor-element elementor-element-08fac2d elementor-widget__width-inherit elementor-widget elementor-widget-text-editor\" data-id=\"08fac2d\" data-element_type=\"widget\" data-e-type=\"widget\" data-widget_type=\"text-editor.default\">\n\t\t\t\t<div class=\"elementor-widget-container\">\n\t\t\t\t\t\t\t\t\t<p>Conform\u00e9ment aux lois applicables, vous disposez des droits suivants concernant vos renseignements personnels :<\/p><ul><li>Acc\u00e8s : Demander l\u2019acc\u00e8s aux donn\u00e9es personnelles que nous d\u00e9tenons \u00e0 votre sujet.-<\/li><li>Correction : Demander la correction des donn\u00e9es inexactes ou incompl\u00e8tes.<\/li><li>Suppression : Demander la suppression de vos donn\u00e9es, sous r\u00e9serve d\u2019obligations l\u00e9gales ou contractuelles.<\/li><li>Opposition : Vous opposer \u00e0 certaines activit\u00e9s de traitement, comme la r\u00e9ception de communications marketing.<\/li><li style=\"list-style-type: none;\">\u00a0<\/li><\/ul><p>Pour exercer ces droits, contactez-nous \u00e0 info@contigoimmigration.com.<\/p>\t\t\t\t\t\t\t\t<\/div>\n\t\t\t\t<\/div>\n\t\t\t\t<\/div>\n\t\t<div class=\"elementor-element elementor-element-3a1e50b e-con-full e-flex e-con e-child\" data-id=\"3a1e50b\" data-element_type=\"container\" data-e-type=\"container\">\n\t\t\t\t<div class=\"elementor-element elementor-element-7953f1e elementor-widget__width-inherit elementor-widget elementor-widget-heading\" data-id=\"7953f1e\" data-element_type=\"widget\" data-e-type=\"widget\" data-widget_type=\"heading.default\">\n\t\t\t\t<div class=\"elementor-widget-container\">\n\t\t\t\t\t<h2 class=\"elementor-heading-title elementor-size-default\">7. Cookies et Technologies Similaires<\/h2>\t\t\t\t<\/div>\n\t\t\t\t<\/div>\n\t\t\t\t<div class=\"elementor-element elementor-element-c1e2810 elementor-widget__width-inherit elementor-widget elementor-widget-text-editor\" data-id=\"c1e2810\" data-element_type=\"widget\" data-e-type=\"widget\" data-widget_type=\"text-editor.default\">\n\t\t\t\t<div class=\"elementor-widget-container\">\n\t\t\t\t\t\t\t\t\t<p><span style=\"font-weight: 400;\">Nous utilisons des cookies et des technologies similaires pour am\u00e9liorer votre exp\u00e9rience sur notre site Web. Les cookies nous permettent de :<\/span><\/p><ul><li style=\"font-weight: 400;\" aria-level=\"1\"><span style=\"font-weight: 400;\">Vous reconna\u00eetre lors de vos prochaines visites.<\/span><\/li><li style=\"font-weight: 400;\" aria-level=\"1\"><span style=\"font-weight: 400;\">Suivre vos pr\u00e9f\u00e9rences et personnaliser le contenu.<\/span><\/li><li style=\"font-weight: 400;\" aria-level=\"1\"><span style=\"font-weight: 400;\">Analyser l\u2019utilisation et les performances du site.<\/span><\/li><\/ul><p><span style=\"font-weight: 400;\">Vous pouvez modifier les param\u00e8tres de votre navigateur pour refuser les cookies ou \u00eatre inform\u00e9 lorsque des cookies sont utilis\u00e9s. Notez que la d\u00e9sactivation des cookies peut affecter votre exp\u00e9rience utilisateur.<\/span><\/p>\t\t\t\t\t\t\t\t<\/div>\n\t\t\t\t<\/div>\n\t\t\t\t<\/div>\n\t\t<div class=\"elementor-element elementor-element-a369736 e-con-full e-flex e-con e-child\" data-id=\"a369736\" data-element_type=\"container\" data-e-type=\"container\">\n\t\t\t\t<div class=\"elementor-element elementor-element-210054a elementor-widget__width-inherit elementor-widget elementor-widget-heading\" data-id=\"210054a\" data-element_type=\"widget\" data-e-type=\"widget\" data-widget_type=\"heading.default\">\n\t\t\t\t<div class=\"elementor-widget-container\">\n\t\t\t\t\t<h2 class=\"elementor-heading-title elementor-size-default\">8. Transferts Internationaux de Donn\u00e9es<\/h2>\t\t\t\t<\/div>\n\t\t\t\t<\/div>\n\t\t\t\t<div class=\"elementor-element elementor-element-6896b7d elementor-widget__width-inherit elementor-widget elementor-widget-text-editor\" data-id=\"6896b7d\" data-element_type=\"widget\" data-e-type=\"widget\" data-widget_type=\"text-editor.default\">\n\t\t\t\t<div class=\"elementor-widget-container\">\n\t\t\t\t\t\t\t\t\t<p><span style=\"font-weight: 400;\">Nous ne transf\u00e9rons pas vos renseignements personnels hors du Canada, sauf si n\u00e9cessaire pour fournir certains services (par exemple, le traitement des paiements).<\/span><\/p>\t\t\t\t\t\t\t\t<\/div>\n\t\t\t\t<\/div>\n\t\t\t\t<\/div>\n\t\t<div class=\"elementor-element elementor-element-d68b7d0 e-con-full e-flex e-con e-child\" data-id=\"d68b7d0\" data-element_type=\"container\" data-e-type=\"container\">\n\t\t\t\t<div class=\"elementor-element elementor-element-81c118d elementor-widget__width-inherit elementor-widget elementor-widget-heading\" data-id=\"81c118d\" data-element_type=\"widget\" data-e-type=\"widget\" data-widget_type=\"heading.default\">\n\t\t\t\t<div class=\"elementor-widget-container\">\n\t\t\t\t\t<h2 class=\"elementor-heading-title elementor-size-default\">9. Modifications de Cette Politique de Confidentialit\u00e9\n<\/h2>\t\t\t\t<\/div>\n\t\t\t\t<\/div>\n\t\t\t\t<div class=\"elementor-element elementor-element-12c7c88 elementor-widget__width-inherit elementor-widget elementor-widget-text-editor\" data-id=\"12c7c88\" data-element_type=\"widget\" data-e-type=\"widget\" data-widget_type=\"text-editor.default\">\n\t\t\t\t<div class=\"elementor-widget-container\">\n\t\t\t\t\t\t\t\t\t<p><span style=\"font-weight: 400;\">Nous nous r\u00e9servons le droit de mettre \u00e0 jour cette Politique de Confidentialit\u00e9 \u00e0 tout moment. Les modifications seront publi\u00e9es sur cette page, accompagn\u00e9es de la date de la derni\u00e8re r\u00e9vision. Nous vous encourageons \u00e0 consulter cette page r\u00e9guli\u00e8rement pour prendre connaissance des mises \u00e0 jour.<\/span><\/p>\t\t\t\t\t\t\t\t<\/div>\n\t\t\t\t<\/div>\n\t\t\t\t<\/div>\n\t\t<div class=\"elementor-element elementor-element-98924ef e-con-full e-flex e-con e-child\" data-id=\"98924ef\" data-element_type=\"container\" data-e-type=\"container\">\n\t\t\t\t<div class=\"elementor-element elementor-element-d49f897 elementor-widget__width-inherit elementor-widget elementor-widget-heading\" data-id=\"d49f897\" data-element_type=\"widget\" data-e-type=\"widget\" data-widget_type=\"heading.default\">\n\t\t\t\t<div class=\"elementor-widget-container\">\n\t\t\t\t\t<h2 class=\"elementor-heading-title elementor-size-default\">10. Nous Contacter<\/h2>\t\t\t\t<\/div>\n\t\t\t\t<\/div>\n\t\t\t\t<div class=\"elementor-element elementor-element-8b50bb8 elementor-widget__width-inherit elementor-widget elementor-widget-text-editor\" data-id=\"8b50bb8\" data-element_type=\"widget\" data-e-type=\"widget\" data-widget_type=\"text-editor.default\">\n\t\t\t\t<div class=\"elementor-widget-container\">\n\t\t\t\t\t\t\t\t\t<p><span style=\"font-weight: 400;\">Si vous avez des questions ou des pr\u00e9occupations concernant cette Politique de Confidentialit\u00e9 ou la gestion de vos informations, veuillez nous contacter :<\/span><\/p><p><b>Contigo Immigration Inc<\/b><b><br \/><\/b><span style=\"font-weight: 400;\"><strong>Adresse :<\/strong> 2320, avenue Regent, Montr\u00e9al, Qu\u00e9bec, H4A 2R1, Canada<\/span><span style=\"font-weight: 400;\"><br \/><\/span><span style=\"font-weight: 400;\"><strong>T\u00e9l\u00e9phone :<\/strong> +1 514 616 0971<\/span><span style=\"font-weight: 400;\"><br \/><\/span><strong>Courriel :<\/strong> info@contigoimmigration.com<\/p>\t\t\t\t\t\t\t\t<\/div>\n\t\t\t\t<\/div>\n\t\t\t\t<\/div>\n\t\t\t\t<\/div>\n\t\t\t\t<\/div>\n\t\t\t\t<\/div>\n\t\t\t\t<\/div>\n\t\t","protected":false},"excerpt":{"rendered":"<p>Politique de Confidentialit\u00e9 Derni\u00e8re mise \u00e0 jour : 4 d\u00e9cembre 2024 Chez Contigo Immigration Inc., la protection de vos renseignements personnels est une priorit\u00e9 absolue. Cette Politique de Confidentialit\u00e9 d\u00e9crit comment nous collectons, utilisons, stockons et prot\u00e9geons vos donn\u00e9es lorsque vous interagissez avec notre site Web ou nos services. 1. Introduction Bienvenue sur le site [&hellip;]<\/p>\n","protected":false},"author":1,"featured_media":0,"parent":0,"menu_order":0,"comment_status":"closed","ping_status":"closed","template":"elementor_header_footer","meta":{"_acf_changed":false,"_coblocks_attr":"","_coblocks_dimensions":"","_coblocks_responsive_height":"","_coblocks_accordion_ie_support":"","_monsterinsights_skip_tracking":false,"_monsterinsights_sitenote_active":false,"_monsterinsights_sitenote_note":"","_monsterinsights_sitenote_category":0,"footnotes":""},"class_list":["post-2350","page","type-page","status-publish","hentry"],"acf":[],"_links":{"self":[{"href":"https:\/\/contigoimmigration.com\/fr\/wp-json\/wp\/v2\/pages\/2350","targetHints":{"allow":["GET"]}}],"collection":[{"href":"https:\/\/contigoimmigration.com\/fr\/wp-json\/wp\/v2\/pages"}],"about":[{"href":"https:\/\/contigoimmigration.com\/fr\/wp-json\/wp\/v2\/types\/page"}],"author":[{"embeddable":true,"href":"https:\/\/contigoimmigration.com\/fr\/wp-json\/wp\/v2\/users\/1"}],"replies":[{"embeddable":true,"href":"https:\/\/contigoimmigration.com\/fr\/wp-json\/wp\/v2\/comments?post=2350"}],"version-history":[{"count":5,"href":"https:\/\/contigoimmigration.com\/fr\/wp-json\/wp\/v2\/pages\/2350\/revisions"}],"predecessor-version":[{"id":2363,"href":"https:\/\/contigoimmigration.com\/fr\/wp-json\/wp\/v2\/pages\/2350\/revisions\/2363"}],"wp:attachment":[{"href":"https:\/\/contigoimmigration.com\/fr\/wp-json\/wp\/v2\/media?parent=2350"}],"curies":[{"name":"wp","href":"https:\/\/api.w.org\/{rel}","templated":true}]}}